{"id":60,"date":"2018-06-13T13:57:18","date_gmt":"2018-06-13T11:57:18","guid":{"rendered":"https:\/\/innton-musikatelier.de\/wp\/?page_id=60"},"modified":"2020-03-20T22:44:16","modified_gmt":"2020-03-20T21:44:16","slug":"ueber-mich","status":"publish","type":"page","link":"https:\/\/innton-musikatelier.de\/","title":{"rendered":"Start"},"content":{"rendered":"<p><span style=\"color: #000000\">Das InnTon Musikatelier von <a href=\"https:\/\/moritz-tillmann.de\" target=\"_blank\" rel=\"noopener\">Moritz Tillmann<\/a> ist ein spezielles Tonstudio f\u00fcr Audio-Produktionen von <\/span><span style=\"color: #000000\">Musik, Theater, Oper, Konzerte, Sprache und Film. <\/span><\/p>\n<p><span style=\"color: #000000\">Wir bieten hochwertige L\u00f6sungen mit unscheinbaren und mobilen Setups, vor allem f\u00fcr Filmsets und Live-Situationen an jedem Ort. <\/span><\/p>\n<p><span style=\"color: #000000\">Die Postproductions sind entsprechend optimiert auf Multisynchronschnitt, Restauration, Sounddesign, Mischung und Mastering in Stereo und Surround. <\/span><span><\/span> <span style=\"color: #000000\"> <\/span><\/p>\n<p><span style=\"color: #000000\">Unser Berliner Standort bietet mit einem Atelier, <span>einer Tonregie <\/span>und einem teil\u00fcberdachten Au\u00dfenbereich vielseitige Voraussetzungen f\u00fcr Produktionen, Proben, Workshops und kreative Arbeiten jeglicher Art.<\/span><\/p>\n","protected":false},"excerpt":{"rendered":"<p>Das InnTon Musikatelier von Moritz Tillmann ist ein spezielles Tonstudio f\u00fcr Audio-Produktionen von Musik, Theater, Oper, Konzerte, Sprache und Film. Wir bieten hochwertige L\u00f6sungen mit unscheinbaren und mobilen Setups, vor allem f\u00fcr Filmsets und Live-Situationen an jedem Ort. Die Postproductions sind entsprechend optimiert auf Multisynchronschnitt, Restauration, Sounddesign, Mischung und Mastering [&hellip;]<\/p>\n","protected":false},"author":1,"featured_media":0,"parent":0,"menu_order":0,"comment_status":"closed","ping_status":"closed","template":"","meta":[],"_links":{"self":[{"href":"https:\/\/innton-musikatelier.de\/index.php?rest_route=\/wp\/v2\/pages\/60"}],"collection":[{"href":"https:\/\/innton-musikatelier.de\/index.php?rest_route=\/wp\/v2\/pages"}],"about":[{"href":"https:\/\/innton-musikatelier.de\/index.php?rest_route=\/wp\/v2\/types\/page"}],"author":[{"embeddable":true,"href":"https:\/\/innton-musikatelier.de\/index.php?rest_route=\/wp\/v2\/users\/1"}],"replies":[{"embeddable":true,"href":"https:\/\/innton-musikatelier.de\/index.php?rest_route=%2Fwp%2Fv2%2Fcomments&post=60"}],"version-history":[{"count":21,"href":"https:\/\/innton-musikatelier.de\/index.php?rest_route=\/wp\/v2\/pages\/60\/revisions"}],"predecessor-version":[{"id":487,"href":"https:\/\/innton-musikatelier.de\/index.php?rest_route=\/wp\/v2\/pages\/60\/revisions\/487"}],"wp:attachment":[{"href":"https:\/\/innton-musikatelier.de\/index.php?rest_route=%2Fwp%2Fv2%2Fmedia&parent=60"}],"curies":[{"name":"wp","href":"https:\/\/api.w.org\/{rel}","templated":true}]}}